{"id":111,"date":"2016-07-19T15:26:51","date_gmt":"2016-07-19T15:26:51","guid":{"rendered":"http:\/\/tomomedical.org\/?page_id=111"},"modified":"2016-08-02T23:58:26","modified_gmt":"2016-08-02T23:58:26","slug":"salud-y-seguridad-ocupacional","status":"publish","type":"page","link":"https:\/\/tomomedical.org\/index.php\/salud-y-seguridad-ocupacional\/","title":{"rendered":"Salud Ocupacional"},"content":{"rendered":"<p>[et_pb_section admin_label=&#8221;section&#8221; fullwidth=&#8221;off&#8221; specialty=&#8221;off&#8221; inner_shadow=&#8221;off&#8221; parallax=&#8221;off&#8221;][et_pb_row admin_label=&#8221;row&#8221;][et_pb_column type=&#8221;1_2&#8243;][et_pb_text admin_label=&#8221;Text&#8221; background_layout=&#8221;light&#8221; text_orientation=&#8221;left&#8221; use_border_color=&#8221;off&#8221; border_color=&#8221;#ffffff&#8221; border_style=&#8221;solid&#8221;]<\/p>\n<h2>Seguridad y Salud Ocupacional<\/h2>\n<p>Ofrecemos todo el respaldo t\u00e9cnico para su empresa, aplicamos mediciones t\u00e9cnicas y procedimientos que permitan la implementaci\u00f3n integral del sistema de gesti\u00f3n en el \u00e1rea de Seguridad y Salud Ocupacional. Brindamos el aval de profesionales calificados y con registro SENECYT.<\/p>\n<p>[\/et_pb_text][\/et_pb_column][et_pb_column type=&#8221;1_2&#8243;][et_pb_text admin_label=&#8221;Text&#8221; background_layout=&#8221;light&#8221; text_orientation=&#8221;left&#8221; use_border_color=&#8221;off&#8221; border_color=&#8221;#ffffff&#8221; border_style=&#8221;solid&#8221;]<\/p>\n<h2>Ex\u00e1menes Ocupacionales<\/h2>\n<p>Somos la soluci\u00f3n para ex\u00e1menes ocupacionales, poseemos unidades m\u00f3viles con todo el equipamiento para poder asistir a cualquier empresa. Ofrecemos diagn\u00f3stico exacto y preciso a las mejores tarifas del mercado<\/p>\n<p>[\/et_pb_text][\/et_pb_column][\/et_pb_row][\/et_pb_section][et_pb_section admin_label=&#8221;section&#8221; fullwidth=&#8221;on&#8221; specialty=&#8221;off&#8221; inner_shadow=&#8221;off&#8221; parallax=&#8221;on&#8221;][et_pb_fullwidth_slider admin_label=&#8221;Fullwidth Slider&#8221; show_arrows=&#8221;on&#8221; show_pagination=&#8221;on&#8221; auto=&#8221;off&#8221; parallax=&#8221;on&#8221; auto_ignore_hover=&#8221;off&#8221; parallax_method=&#8221;off&#8221; remove_inner_shadow=&#8221;off&#8221; background_position=&#8221;default&#8221; background_size=&#8221;default&#8221; hide_content_on_mobile=&#8221;off&#8221; hide_cta_on_mobile=&#8221;off&#8221; show_image_video_mobile=&#8221;off&#8221; custom_button=&#8221;off&#8221; button_letter_spacing=&#8221;0&#8243; button_use_icon=&#8221;default&#8221; button_icon_placement=&#8221;right&#8221; button_on_hover=&#8221;on&#8221; button_letter_spacing_hover=&#8221;0&#8243;] [et_pb_slide heading=&#8221;Seguridad y Salud Ocupacional &#8221; background_image=&#8221;http:\/\/tomomedical.org\/wp-content\/uploads\/2016\/07\/sso-1.jpg&#8221; background_color=&#8221;#ffffff&#8221; alignment=&#8221;center&#8221; background_layout=&#8221;dark&#8221; background_position=&#8221;default&#8221; background_size=&#8221;default&#8221; use_bg_overlay=&#8221;off&#8221; use_text_overlay=&#8221;off&#8221; allow_player_pause=&#8221;off&#8221; text_border_radius=&#8221;3&#8243; header_font_select=&#8221;default&#8221; header_font=&#8221;||||&#8221; body_font_select=&#8221;default&#8221; body_font=&#8221;||||&#8221; custom_button=&#8221;off&#8221; button_font_select=&#8221;default&#8221; button_font=&#8221;||||&#8221; button_use_icon=&#8221;default&#8221; button_icon_placement=&#8221;right&#8221; button_on_hover=&#8221;on&#8221;] [\/et_pb_slide] [\/et_pb_fullwidth_slider][\/et_pb_section][et_pb_section admin_label=&#8221;section&#8221; fullwidth=&#8221;off&#8221; specialty=&#8221;off&#8221; background_color=&#8221;#353535&#8243; inner_shadow=&#8221;off&#8221; parallax=&#8221;off&#8221;][et_pb_row admin_label=&#8221;row&#8221;][et_pb_column type=&#8221;1_4&#8243;][et_pb_number_counter admin_label=&#8221;Number Counter&#8221; title=&#8221;Chequeos de Personal&#8221; number=&#8221;100&#8243; percent_sign=&#8221;on&#8221; background_layout=&#8221;dark&#8221; counter_color=&#8221;#2ea3f2&#8243; use_border_color=&#8221;off&#8221; border_color=&#8221;#ffffff&#8221; border_style=&#8221;solid&#8221;] [\/et_pb_number_counter][\/et_pb_column][et_pb_column type=&#8221;1_4&#8243;][et_pb_number_counter admin_label=&#8221;Number Counter&#8221; title=&#8221;Laboratorio Cl\u00ednico &#8221; number=&#8221;100&#8243; percent_sign=&#8221;on&#8221; background_layout=&#8221;dark&#8221; counter_color=&#8221;#7EBEC5&#8243; use_border_color=&#8221;off&#8221; border_color=&#8221;#ffffff&#8221; border_style=&#8221;solid&#8221;] [\/et_pb_number_counter][\/et_pb_column][et_pb_column type=&#8221;1_4&#8243;][et_pb_number_counter admin_label=&#8221;Number Counter&#8221; title=&#8221;Imagenolog\u00eda&#8221; number=&#8221;100&#8243; percent_sign=&#8221;on&#8221; background_layout=&#8221;dark&#8221; counter_color=&#8221;#7EBEC5&#8243; use_border_color=&#8221;off&#8221; border_color=&#8221;#ffffff&#8221; border_style=&#8221;solid&#8221;] [\/et_pb_number_counter][\/et_pb_column][et_pb_column type=&#8221;1_4&#8243;][et_pb_number_counter admin_label=&#8221;Number Counter&#8221; title=&#8221;Campa\u00f1as de Salud Preventiva&#8221; number=&#8221;100&#8243; percent_sign=&#8221;on&#8221; background_layout=&#8221;dark&#8221; counter_color=&#8221;#7EBEC5&#8243; use_border_color=&#8221;off&#8221; border_color=&#8221;#ffffff&#8221; border_style=&#8221;solid&#8221;] [\/et_pb_number_counter][\/et_pb_column][\/et_pb_row][\/et_pb_section][et_pb_section admin_label=&#8221;section&#8221; fullwidth=&#8221;off&#8221; specialty=&#8221;off&#8221; background_color=&#8221;#2ea3f2&#8243; inner_shadow=&#8221;off&#8221; parallax=&#8221;off&#8221;][et_pb_row admin_label=&#8221;row&#8221;][et_pb_column type=&#8221;1_2&#8243;][et_pb_text admin_label=&#8221;Text&#8221; background_layout=&#8221;dark&#8221; text_orientation=&#8221;left&#8221; use_border_color=&#8221;off&#8221; border_color=&#8221;#ffffff&#8221; border_style=&#8221;solid&#8221;]<\/p>\n<h1>Servicios de Seguridad y Salud Ocupacional<\/h1>\n<p>[\/et_pb_text][et_pb_blurb admin_label=&#8221;Blurb&#8221; title=&#8221;Brigadas M\u00e9dicas &#8221; url_new_window=&#8221;off&#8221; use_icon=&#8221;on&#8221; font_icon=&#8221;%%45%%&#8221; icon_color=&#8221;#ffffff&#8221; use_circle=&#8221;off&#8221; circle_color=&#8221;#2caaca&#8221; use_circle_border=&#8221;off&#8221; circle_border_color=&#8221;#2caaca&#8221; icon_placement=&#8221;left&#8221; animation=&#8221;right&#8221; background_layout=&#8221;dark&#8221; text_orientation=&#8221;left&#8221; use_icon_font_size=&#8221;off&#8221; use_border_color=&#8221;off&#8221; border_color=&#8221;#ffffff&#8221; border_style=&#8221;solid&#8221;]<\/p>\n<p>Capacitamos a todo el personal requerido para conocer las bases de la medicina ocupacional y el cuidado f\u00edsico<\/p>\n<p>[\/et_pb_blurb][et_pb_blurb admin_label=&#8221;Blurb&#8221; title=&#8221;Prevenci\u00f3n de Riesgos Ocupacionales&#8221; url_new_window=&#8221;off&#8221; use_icon=&#8221;on&#8221; font_icon=&#8221;%%65%%&#8221; icon_color=&#8221;#ffffff&#8221; use_circle=&#8221;off&#8221; circle_color=&#8221;#2caaca&#8221; use_circle_border=&#8221;off&#8221; circle_border_color=&#8221;#2caaca&#8221; icon_placement=&#8221;left&#8221; animation=&#8221;right&#8221; background_layout=&#8221;dark&#8221; text_orientation=&#8221;left&#8221; use_icon_font_size=&#8221;off&#8221; use_border_color=&#8221;off&#8221; border_color=&#8221;#ffffff&#8221; border_style=&#8221;solid&#8221;]<\/p>\n<p>Realizamos toda la evaluaci\u00f3n de la \u00e1reas de mayor riesgo de eventos catastr\u00f3ficos al personal<\/p>\n<p>[\/et_pb_blurb][et_pb_blurb admin_label=&#8221;Blurb&#8221; title=&#8221;Estudios y Diagn\u00f3stico&#8221; url_new_window=&#8221;off&#8221; use_icon=&#8221;on&#8221; font_icon=&#8221;%%75%%&#8221; icon_color=&#8221;#ffffff&#8221; use_circle=&#8221;off&#8221; circle_color=&#8221;#2caaca&#8221; use_circle_border=&#8221;off&#8221; circle_border_color=&#8221;#2caaca&#8221; icon_placement=&#8221;left&#8221; animation=&#8221;right&#8221; background_layout=&#8221;dark&#8221; text_orientation=&#8221;left&#8221; use_icon_font_size=&#8221;off&#8221; use_border_color=&#8221;off&#8221; border_color=&#8221;#ffffff&#8221; border_style=&#8221;solid&#8221;]<\/p>\n<p>Todos los ex\u00e1menes y diagn\u00f3sticos de su personal para \u00a0mantener un historial limpio de sanciones.<\/p>\n<p>Ofrecemos estudios de Laboratorio, \u00a0Imagenolog\u00eda (Rayos X, Ecograf\u00eda, Mamograf\u00eda).<\/p>\n<p>Ex\u00e1menes Espec\u00edficos (Espirometr\u00eda, Audiometr\u00eda, Electrocardiograma,Ex\u00e1men Visual Completo, Optometr\u00eda B\u00e1sica, etc). En funci\u00f3n del riesgo seg\u00fan los diferentes puestos de trabajo.<\/p>\n<p>[\/et_pb_blurb][\/et_pb_column][et_pb_column type=&#8221;1_2&#8243;][et_pb_image admin_label=&#8221;Image&#8221; src=&#8221;http:\/\/tomomedical.org\/wp-content\/uploads\/2016\/07\/20160715_170428-3.jpg&#8221; show_in_lightbox=&#8221;off&#8221; url_new_window=&#8221;off&#8221; use_overlay=&#8221;off&#8221; animation=&#8221;left&#8221; sticky=&#8221;off&#8221; align=&#8221;left&#8221; force_fullwidth=&#8221;off&#8221; always_center_on_mobile=&#8221;on&#8221; use_border_color=&#8221;off&#8221; border_color=&#8221;#ffffff&#8221; border_style=&#8221;solid&#8221;] [\/et_pb_image][\/et_pb_column][\/et_pb_row][\/et_pb_section][et_pb_section admin_label=&#8221;section&#8221; fullwidth=&#8221;off&#8221; specialty=&#8221;off&#8221; background_color=&#8221;#353535&#8243; inner_shadow=&#8221;off&#8221; parallax=&#8221;off&#8221;][et_pb_row admin_label=&#8221;row&#8221;][et_pb_column type=&#8221;4_4&#8243;][et_pb_divider admin_label=&#8221;Divider&#8221; color=&#8221;#ffffff&#8221; show_divider=&#8221;off&#8221; height=&#8221;60&#8243;] [\/et_pb_divider][\/et_pb_column][\/et_pb_row][et_pb_row admin_label=&#8221;row&#8221;][et_pb_column type=&#8221;1_2&#8243;][et_pb_image admin_label=&#8221;Image&#8221; src=&#8221;http:\/\/tomomedical.org\/wp-content\/uploads\/2016\/07\/eco.png&#8221; url_new_window=&#8221;off&#8221; animation=&#8221;left&#8221; show_in_lightbox=&#8221;off&#8221; use_overlay=&#8221;off&#8221; sticky=&#8221;off&#8221; align=&#8221;left&#8221; force_fullwidth=&#8221;off&#8221; always_center_on_mobile=&#8221;on&#8221; use_border_color=&#8221;off&#8221; border_color=&#8221;#ffffff&#8221; border_style=&#8221;solid&#8221;] [\/et_pb_image][\/et_pb_column][et_pb_column type=&#8221;1_2&#8243;][et_pb_cta admin_label=&#8221;Call To Action&#8221; title=&#8221;Capacidad Operativa en Funci\u00f3n del Tama\u00f1o de la Empresa&#8221; button_text=&#8221;Con gusto atenderemos tus requerimientos&#8221; use_background_color=&#8221;off&#8221; background_color=&#8221;#2ea3f2&#8243; background_layout=&#8221;dark&#8221; text_orientation=&#8221;left&#8221; url_new_window=&#8221;off&#8221; use_border_color=&#8221;off&#8221; border_color=&#8221;#ffffff&#8221; border_style=&#8221;solid&#8221; custom_button=&#8221;off&#8221; button_letter_spacing=&#8221;0&#8243; button_use_icon=&#8221;default&#8221; button_icon_placement=&#8221;right&#8221; button_on_hover=&#8221;on&#8221; button_letter_spacing_hover=&#8221;0&#8243;]<\/p>\n<p>Podemos ir a cualquier tipo de empresa y de cualquier tama\u00f1o, poseemos un sistema amplio de diagn\u00f3stico m\u00f3vil, poseemos la capacidad de capacitar a grandes grupos \u00a0adem\u00e1s de entrenamiento y acompa\u00f1amiento en todo lo relacionado a Seguridad y Salud Ocupacional<\/p>\n<p>Campa\u00f1as de Salud Preventivas<\/p>\n<p>Precios Competitivos<\/p>\n<p>[\/et_pb_cta][\/et_pb_column][\/et_pb_row][et_pb_row admin_label=&#8221;row&#8221;][et_pb_column type=&#8221;4_4&#8243;][et_pb_divider admin_label=&#8221;Divider&#8221; color=&#8221;#ffffff&#8221; show_divider=&#8221;off&#8221; height=&#8221;60&#8243;] [\/et_pb_divider][\/et_pb_column][\/et_pb_row][\/et_pb_section]<\/p>\n","protected":false},"excerpt":{"rendered":"<p>[et_pb_section admin_label=&#8221;section&#8221; fullwidth=&#8221;off&#8221; specialty=&#8221;off&#8221; inner_shadow=&#8221;off&#8221; parallax=&#8221;off&#8221;][et_pb_row admin_label=&#8221;row&#8221;][et_pb_column type=&#8221;1_2&#8243;][et_pb_text admin_label=&#8221;Text&#8221; background_layout=&#8221;light&#8221; text_orientation=&#8221;left&#8221; use_border_color=&#8221;off&#8221; border_color=&#8221;#ffffff&#8221; border_style=&#8221;solid&#8221;] Seguridad y Salud Ocupacional Ofrecemos todo el respaldo t\u00e9cnico para su empresa, aplicamos mediciones t\u00e9cnicas y procedimientos que permitan la implementaci\u00f3n integral del sistema de gesti\u00f3n en el \u00e1rea de Seguridad y Salud Ocupacional. Brindamos el aval de profesionales calificados y [&hellip;]<\/p>\n","protected":false},"author":1,"featured_media":0,"parent":0,"menu_order":0,"comment_status":"closed","ping_status":"closed","template":"","meta":{"footnotes":""},"class_list":["post-111","page","type-page","status-publish","hentry"],"_links":{"self":[{"href":"https:\/\/tomomedical.org\/index.php\/wp-json\/wp\/v2\/pages\/111","targetHints":{"allow":["GET"]}}],"collection":[{"href":"https:\/\/tomomedical.org\/index.php\/wp-json\/wp\/v2\/pages"}],"about":[{"href":"https:\/\/tomomedical.org\/index.php\/wp-json\/wp\/v2\/types\/page"}],"author":[{"embeddable":true,"href":"https:\/\/tomomedical.org\/index.php\/wp-json\/wp\/v2\/users\/1"}],"replies":[{"embeddable":true,"href":"https:\/\/tomomedical.org\/index.php\/wp-json\/wp\/v2\/comments?post=111"}],"version-history":[{"count":13,"href":"https:\/\/tomomedical.org\/index.php\/wp-json\/wp\/v2\/pages\/111\/revisions"}],"predecessor-version":[{"id":228,"href":"https:\/\/tomomedical.org\/index.php\/wp-json\/wp\/v2\/pages\/111\/revisions\/228"}],"wp:attachment":[{"href":"https:\/\/tomomedical.org\/index.php\/wp-json\/wp\/v2\/media?parent=111"}],"curies":[{"name":"wp","href":"https:\/\/api.w.org\/{rel}","templated":true}]}}