{"id":73,"date":"2016-07-18T20:09:02","date_gmt":"2016-07-18T20:09:02","guid":{"rendered":"http:\/\/tomomedical.org\/?page_id=73"},"modified":"2016-08-02T23:25:27","modified_gmt":"2016-08-02T23:25:27","slug":"diagnostico","status":"publish","type":"page","link":"https:\/\/tomomedical.org\/index.php\/diagnostico\/","title":{"rendered":"Diagn\u00f3stico"},"content":{"rendered":"<p>[et_pb_section admin_label=&#8221;section&#8221; fullwidth=&#8221;on&#8221; specialty=&#8221;off&#8221;][et_pb_fullwidth_slider admin_label=&#8221;Fullwidth Slider&#8221; show_arrows=&#8221;off&#8221; show_pagination=&#8221;off&#8221; auto=&#8221;on&#8221; parallax=&#8221;on&#8221; auto_ignore_hover=&#8221;off&#8221; parallax_method=&#8221;off&#8221; remove_inner_shadow=&#8221;off&#8221; background_position=&#8221;default&#8221; background_size=&#8221;default&#8221; hide_content_on_mobile=&#8221;off&#8221; hide_cta_on_mobile=&#8221;off&#8221; show_image_video_mobile=&#8221;off&#8221; custom_button=&#8221;off&#8221; button_letter_spacing=&#8221;0&#8243; button_use_icon=&#8221;default&#8221; button_icon_placement=&#8221;right&#8221; button_on_hover=&#8221;on&#8221; button_letter_spacing_hover=&#8221;0&#8243; auto_speed=&#8221;5000&#8243;] [et_pb_slide heading=&#8221;Diagn\u00f3stico &#8221; background_color=&#8221;rgba(244,137,29,0.97)&#8221; alignment=&#8221;center&#8221; background_layout=&#8221;dark&#8221; background_position=&#8221;default&#8221; background_size=&#8221;default&#8221; image=&#8221;http:\/\/tomomedical.org\/wp-content\/uploads\/2016\/07\/ecografia-trauma.png&#8221; use_bg_overlay=&#8221;off&#8221; use_text_overlay=&#8221;off&#8221; allow_player_pause=&#8221;off&#8221; text_border_radius=&#8221;3&#8243; header_font_select=&#8221;default&#8221; header_font=&#8221;||||&#8221; body_font_select=&#8221;default&#8221; body_font=&#8221;||||&#8221; custom_button=&#8221;off&#8221; button_font_select=&#8221;default&#8221; button_font=&#8221;||||&#8221; button_use_icon=&#8221;default&#8221; button_icon_placement=&#8221;right&#8221; button_on_hover=&#8221;on&#8221;]<\/p>\n<p>Servimos con eficiencia en todos los ex\u00e1menes de im\u00e1gen y laboratorio abiertos al p\u00fablico\u00a0en general<\/p>\n<p>[\/et_pb_slide][et_pb_slide heading=&#8221;Precisi\u00f3n&#8221; background_color=&#8221;rgba(244,137,29,0.85)&#8221; alignment=&#8221;center&#8221; background_layout=&#8221;dark&#8221; background_position=&#8221;default&#8221; background_size=&#8221;default&#8221; image=&#8221;http:\/\/tomomedical.org\/wp-content\/uploads\/2016\/07\/mamografia.jpg&#8221; use_bg_overlay=&#8221;off&#8221; use_text_overlay=&#8221;off&#8221; allow_player_pause=&#8221;off&#8221; text_border_radius=&#8221;3&#8243; header_font_select=&#8221;default&#8221; header_font=&#8221;||||&#8221; body_font_select=&#8221;default&#8221; body_font=&#8221;||||&#8221; custom_button=&#8221;off&#8221; button_font_select=&#8221;default&#8221; button_font=&#8221;||||&#8221; button_use_icon=&#8221;default&#8221; button_icon_placement=&#8221;right&#8221; button_on_hover=&#8221;on&#8221;]<\/p>\n<p>Poseemos equipos con tecnolog\u00eda de punta brindando resultados precisos<\/p>\n<p>[\/et_pb_slide] [\/et_pb_fullwidth_slider][\/et_pb_section][et_pb_section admin_label=&#8221;section&#8221; inner_shadow=&#8221;off&#8221; parallax=&#8221;off&#8221;][et_pb_row admin_label=&#8221;row&#8221;][et_pb_column type=&#8221;1_2&#8243;][et_pb_blurb admin_label=&#8221;Blurb&#8221; title=&#8221;Confianza &#8221; url_new_window=&#8221;off&#8221; use_icon=&#8221;on&#8221; font_icon=&#8221;%%103%%&#8221; icon_color=&#8221;#7c8d9b&#8221; use_circle=&#8221;off&#8221; circle_color=&#8221;#2ea3f2&#8243; use_circle_border=&#8221;off&#8221; circle_border_color=&#8221;#2ea3f2&#8243; icon_placement=&#8221;top&#8221; animation=&#8221;top&#8221; background_layout=&#8221;light&#8221; text_orientation=&#8221;center&#8221; use_icon_font_size=&#8221;off&#8221; use_border_color=&#8221;off&#8221; border_color=&#8221;#ffffff&#8221; border_style=&#8221;solid&#8221;]<\/p>\n<p>Estudiamos cada caso con detenimiento para brindar confianza a los pacientes<\/p>\n<p>[\/et_pb_blurb][\/et_pb_column][et_pb_column type=&#8221;1_2&#8243;][et_pb_blurb admin_label=&#8221;Blurb&#8221; title=&#8221;Profesionalismo&#8221; url_new_window=&#8221;off&#8221; use_icon=&#8221;on&#8221; font_icon=&#8221;%%45%%&#8221; icon_color=&#8221;#7c8d9b&#8221; use_circle=&#8221;off&#8221; circle_color=&#8221;#2ea3f2&#8243; use_circle_border=&#8221;off&#8221; circle_border_color=&#8221;#2ea3f2&#8243; icon_placement=&#8221;top&#8221; animation=&#8221;top&#8221; background_layout=&#8221;light&#8221; text_orientation=&#8221;center&#8221; use_icon_font_size=&#8221;off&#8221; use_border_color=&#8221;off&#8221; border_color=&#8221;#ffffff&#8221; border_style=&#8221;solid&#8221;]<\/p>\n<p>Trabajamos con el mejor personal calificado que atiende las necesidades\u00a0espec\u00edficas de cada paciente.<\/p>\n<p>[\/et_pb_blurb][\/et_pb_column][\/et_pb_row][\/et_pb_section][et_pb_section admin_label=&#8221;Secci\u00f3n&#8221; fullwidth=&#8221;off&#8221; specialty=&#8221;off&#8221; transparent_background=&#8221;off&#8221; background_color=&#8221;#00a24b&#8221; allow_player_pause=&#8221;off&#8221; inner_shadow=&#8221;off&#8221; parallax=&#8221;off&#8221; parallax_method=&#8221;off&#8221; padding_mobile=&#8221;off&#8221; make_fullwidth=&#8221;off&#8221; use_custom_width=&#8221;off&#8221; width_unit=&#8221;on&#8221; make_equal=&#8221;off&#8221; use_custom_gutter=&#8221;off&#8221;][et_pb_row admin_label=&#8221;Fila&#8221;][et_pb_column type=&#8221;1_2&#8243;][et_pb_toggle admin_label=&#8221;Conmutador&#8221; title=&#8221;Servicio de Laboratorio &#8221; open=&#8221;off&#8221; use_border_color=&#8221;off&#8221; border_color=&#8221;#ffffff&#8221; border_style=&#8221;solid&#8221;]<\/p>\n<p>Brindamos servicios de Laboratorio Cl\u00ednico y Bioan\u00e1lisis a empresas, instituciones y p\u00fablico en general, con absoluta reserva y la utilizaci\u00f3n de moderna tecnolog\u00eda, enfocados en procesos para la satisfacci\u00f3n nuestros clientes con resultados eficientes. Ofrecemos calidad y calidez. \u00a0Ofrecemos An\u00e1lisis de Drogas. Marihuana, Coca\u00edna, Anfetaminas y Otros.<\/p>\n<p>[\/et_pb_toggle][et_pb_toggle admin_label=&#8221;Conmutador&#8221; title=&#8221;Rayos X &#8221; open=&#8221;off&#8221; use_border_color=&#8221;off&#8221; border_color=&#8221;#ffffff&#8221; border_style=&#8221;solid&#8221;]<\/p>\n<p>La imagen digital permite la visualizaci\u00f3n y an\u00e1lisis de mayor calidad del estudio radiol\u00f3gico, y la conexi\u00f3n en red a los consultorios referentes. Realizamos\u00a0estudios simples y especiales. Ofrecemos de manera exclusiva\u00a0estudios completos de columna vertebral (Full Spine), y de miembros inferiores (Full Leg) con una sola toma, lo que reduce la exposici\u00f3n a radiaci\u00f3n.<\/p>\n<p>[\/et_pb_toggle][et_pb_toggle admin_label=&#8221;Conmutador&#8221; title=&#8221;Tomograf\u00eda Axial Computarizada&#8221; open=&#8221;off&#8221; use_border_color=&#8221;off&#8221; border_color=&#8221;#ffffff&#8221; border_style=&#8221;solid&#8221;]<\/p>\n<p>Disponemos de equipos de\u00a0\u00faltima tecnolog\u00eda de Tomograf\u00eda axial computada multicorte, que permiten estudios de alta especialidad con excelente definici\u00f3n. Estudios de\u00a0regiones y de cuerpo total \u00a0-Coronario CT \u00a0 -Endoscopia virtual \u00a0 \u00a0-Tomograf\u00edas\u00a0con reconstrucciones en\u00a0tres dimensiones.<\/p>\n<p>[\/et_pb_toggle][et_pb_toggle admin_label=&#8221;Conmutador&#8221; title=&#8221;Ecograf\u00eda&#8221; open=&#8221;off&#8221; use_border_color=&#8221;off&#8221; border_color=&#8221;#ffffff&#8221; border_style=&#8221;solid&#8221;]<\/p>\n<p>Actualmente las indicaciones de \u00a0la Ecograf\u00eda son muy amplias ya que permite estudiar muy bien los diversos tejidos del cuerpo como son:<\/p>\n<ul>\n<li>Estudio de flujo sangu\u00edneo de arterias y venas para la detecci\u00f3n de arterioesclerosis y co\u00e1gulos.<\/li>\n<li>Gl\u00e1ndula tiroides y estructuras blandas del cuello.<\/li>\n<li>Tendones, ligamentos, m\u00fasculos y estructuras de las articulaciones.<\/li>\n<li>Coraz\u00f3n fetal y coraz\u00f3n de adultos.<\/li>\n<li>Gl\u00e1ndulas mamarias.<\/li>\n<li>Abdomen: h\u00edgado, ves\u00edcula biliar, p\u00e1ncreas, bazo, ri\u00f1ones.<\/li>\n<li>Valoraci\u00f3n del flujo sangu\u00edneo renal en casos de hipertensi\u00f3n.<\/li>\n<li>Estudio P\u00e9lvico: vejiga, \u00fatero, ovarios.<\/li>\n<li>Pr\u00f3stata.<\/li>\n<li>Pene y valoraci\u00f3n del flujo sangu\u00edneo en casos de disfunci\u00f3n er\u00e9ctil.<\/li>\n<li>Estudio Ecosonogr\u00e1fico de test\u00edculos.<\/li>\n<li>El feto durante el embarazo.<\/li>\n<li>Ap\u00e9ndice.<\/li>\n<\/ul>\n<p>[\/et_pb_toggle][\/et_pb_column][et_pb_column type=&#8221;1_2&#8243;][et_pb_divider admin_label=&#8221;Divider&#8221; color=&#8221;#ffffff&#8221; show_divider=&#8221;off&#8221; height=&#8221;35&#8243; divider_style=&#8221;solid&#8221; divider_position=&#8221;top&#8221; hide_on_mobile=&#8221;on&#8221;] [\/et_pb_divider][et_pb_toggle admin_label=&#8221;Conmutador&#8221; title=&#8221;Mamograf\u00eda&#8221; open=&#8221;off&#8221; use_border_color=&#8221;off&#8221; border_color=&#8221;#ffffff&#8221; border_style=&#8221;solid&#8221;]<\/p>\n<p>Disponemos de equipos de mamograf\u00eda digital y tomos\u00edntesis de mama de \u00faltima tecnolog\u00eda, que garantizan la m\u00e1xima resoluci\u00f3n y precisi\u00f3n en los diagn\u00f3sticos. Realizamos los siguientes estudios:<\/p>\n<ul>\n<li>Mamograf\u00eda convencional y digital<\/li>\n<li>Tomos\u00edntesis de mama<\/li>\n<li>Biopsia de mama dirigida por mamograf\u00eda<\/li>\n<li>Anclaje de mama dirigido por mamograf\u00eda (estereotaxia)<\/li>\n<\/ul>\n<p>[\/et_pb_toggle][et_pb_toggle admin_label=&#8221;Conmutador&#8221; title=&#8221;Densitometr\u00eda \u00d3sea&#8221; open=&#8221;off&#8221; use_border_color=&#8221;off&#8221; border_color=&#8221;#ffffff&#8221; border_style=&#8221;solid&#8221;]<\/p>\n<p>Contamos con equipos de alta tecnolog\u00eda,\u00a0de cuerpo total,\u00a0que aseguran un rastreo r\u00e1pido y preciso de la\u00a0densidad \u00f3sea.<\/p>\n<p>[\/et_pb_toggle][\/et_pb_column][\/et_pb_row][\/et_pb_section][et_pb_section admin_label=&#8221;section&#8221; fullwidth=&#8221;off&#8221; specialty=&#8221;off&#8221; background_color=&#8221;#f7f7f7&#8243; inner_shadow=&#8221;on&#8221; parallax=&#8221;off&#8221;][et_pb_row admin_label=&#8221;row&#8221;][et_pb_column type=&#8221;1_3&#8243;][et_pb_image admin_label=&#8221;Imagen&#8221; src=&#8221;http:\/\/tomomedical.org\/wp-content\/uploads\/2016\/07\/foto-buena.jpg&#8221; show_in_lightbox=&#8221;off&#8221; url_new_window=&#8221;off&#8221; use_overlay=&#8221;off&#8221; animation=&#8221;left&#8221; sticky=&#8221;off&#8221; align=&#8221;left&#8221; force_fullwidth=&#8221;off&#8221; always_center_on_mobile=&#8221;on&#8221; use_border_color=&#8221;off&#8221; border_color=&#8221;#ffffff&#8221; border_style=&#8221;solid&#8221;] [\/et_pb_image][\/et_pb_column][et_pb_column type=&#8221;2_3&#8243;][et_pb_counters admin_label=&#8221;Bar Counters&#8221; background_layout=&#8221;light&#8221; background_color=&#8221;#dddddd&#8221; bar_bg_color=&#8221;#f59230&#8243; use_percentages=&#8221;on&#8221; use_border_color=&#8221;off&#8221; border_color=&#8221;#ffffff&#8221; border_style=&#8221;solid&#8221;] [et_pb_counter percent=&#8221;100&#8243;] Seriedad [\/et_pb_counter][et_pb_counter percent=&#8221;100&#8243;] Profesionalismo [\/et_pb_counter][et_pb_counter percent=&#8221;100&#8243;] Tecnolog\u00eda [\/et_pb_counter][et_pb_counter percent=&#8221;100&#8243;] Confianza [\/et_pb_counter] [\/et_pb_counters][\/et_pb_column][\/et_pb_row][\/et_pb_section]<\/p>\n","protected":false},"excerpt":{"rendered":"<p>[et_pb_section admin_label=&#8221;section&#8221; fullwidth=&#8221;on&#8221; specialty=&#8221;off&#8221;][et_pb_fullwidth_slider admin_label=&#8221;Fullwidth Slider&#8221; show_arrows=&#8221;off&#8221; show_pagination=&#8221;off&#8221; auto=&#8221;on&#8221; parallax=&#8221;on&#8221; auto_ignore_hover=&#8221;off&#8221; parallax_method=&#8221;off&#8221; remove_inner_shadow=&#8221;off&#8221; background_position=&#8221;default&#8221; background_size=&#8221;default&#8221; hide_content_on_mobile=&#8221;off&#8221; hide_cta_on_mobile=&#8221;off&#8221; show_image_video_mobile=&#8221;off&#8221; custom_button=&#8221;off&#8221; button_letter_spacing=&#8221;0&#8243; button_use_icon=&#8221;default&#8221; button_icon_placement=&#8221;right&#8221; button_on_hover=&#8221;on&#8221; button_letter_spacing_hover=&#8221;0&#8243; auto_speed=&#8221;5000&#8243;] [et_pb_slide heading=&#8221;Diagn\u00f3stico &#8221; background_color=&#8221;rgba(244,137,29,0.97)&#8221; alignment=&#8221;center&#8221; background_layout=&#8221;dark&#8221; background_position=&#8221;default&#8221; background_size=&#8221;default&#8221; image=&#8221;http:\/\/tomomedical.org\/wp-content\/uploads\/2016\/07\/ecografia-trauma.png&#8221; use_bg_overlay=&#8221;off&#8221; use_text_overlay=&#8221;off&#8221; allow_player_pause=&#8221;off&#8221; text_border_radius=&#8221;3&#8243; header_font_select=&#8221;default&#8221; header_font=&#8221;||||&#8221; body_font_select=&#8221;default&#8221; body_font=&#8221;||||&#8221; custom_button=&#8221;off&#8221; button_font_select=&#8221;default&#8221; button_font=&#8221;||||&#8221; button_use_icon=&#8221;default&#8221; button_icon_placement=&#8221;right&#8221; button_on_hover=&#8221;on&#8221;] Servimos con eficiencia en todos los ex\u00e1menes [&hellip;]<\/p>\n","protected":false},"author":1,"featured_media":0,"parent":0,"menu_order":0,"comment_status":"closed","ping_status":"open","template":"","meta":{"footnotes":""},"class_list":["post-73","page","type-page","status-publish","hentry"],"_links":{"self":[{"href":"https:\/\/tomomedical.org\/index.php\/wp-json\/wp\/v2\/pages\/73","targetHints":{"allow":["GET"]}}],"collection":[{"href":"https:\/\/tomomedical.org\/index.php\/wp-json\/wp\/v2\/pages"}],"about":[{"href":"https:\/\/tomomedical.org\/index.php\/wp-json\/wp\/v2\/types\/page"}],"author":[{"embeddable":true,"href":"https:\/\/tomomedical.org\/index.php\/wp-json\/wp\/v2\/users\/1"}],"replies":[{"embeddable":true,"href":"https:\/\/tomomedical.org\/index.php\/wp-json\/wp\/v2\/comments?post=73"}],"version-history":[{"count":16,"href":"https:\/\/tomomedical.org\/index.php\/wp-json\/wp\/v2\/pages\/73\/revisions"}],"predecessor-version":[{"id":217,"href":"https:\/\/tomomedical.org\/index.php\/wp-json\/wp\/v2\/pages\/73\/revisions\/217"}],"wp:attachment":[{"href":"https:\/\/tomomedical.org\/index.php\/wp-json\/wp\/v2\/media?parent=73"}],"curies":[{"name":"wp","href":"https:\/\/api.w.org\/{rel}","templated":true}]}}